{"id":32,"date":"2019-03-12T13:20:04","date_gmt":"2019-03-12T13:20:04","guid":{"rendered":"http:\/\/bosselclub-muehlhausen.de\/?page_id=32"},"modified":"2025-02-24T07:09:26","modified_gmt":"2025-02-24T07:09:26","slug":"termine","status":"publish","type":"page","link":"http:\/\/bosselclub-muehlhausen.de\/?page_id=32","title":{"rendered":"Termine"},"content":{"rendered":"\n<figure class=\"wp-block-image\"><img loading=\"lazy\" decoding=\"async\" width=\"332\" height=\"217\" src=\"http:\/\/bosselclub-muehlhausen.de\/wp-content\/uploads\/2019\/03\/Event.jpeg\" alt=\"\" class=\"wp-image-146\" srcset=\"http:\/\/bosselclub-muehlhausen.de\/wp-content\/uploads\/2019\/03\/Event.jpeg 332w, http:\/\/bosselclub-muehlhausen.de\/wp-content\/uploads\/2019\/03\/Event-300x196.jpeg 300w\" sizes=\"auto, (max-width: 332px) 100vw, 332px\" \/><\/figure>\n\n\n\n<h2 class=\"wp-block-heading\"><strong>Termine 2025<\/strong><\/h2>\n\n\n\n<p class=\"has-black-color has-vivid-red-background-color has-text-color has-background has-link-color wp-elements-f8d742c5f574e1adad77c94fb99a2710\"><strong>Freitag 10.01.2025<\/strong><\/p>\n\n\n\n<p>Greadeffelewecken Scillamaennle Grundschule Stuttgart-Hofen.<\/p>\n\n\n\n<p>Beginn 19:00 Uhr, Treffpunkt 18:00 Uhr Rigaerstr.<\/p>\n\n\n\n<p class=\"has-black-color has-vivid-red-background-color has-text-color has-background has-link-color wp-elements-923898e38848604a78423396f4d61186\"><strong>Samstag 01.02.2025<\/strong><\/p>\n\n\n\n<p>Donner-Nacht Stuttgart-M\u00fchlhausen.<\/p>\n\n\n\n<p>Beginn 19:00 Uhr, Treffpunkt 18:00 Uhr Rigaerstr.<\/p>\n\n\n\n<p class=\"has-black-color has-vivid-red-background-color has-text-color has-background has-link-color wp-elements-0ba2a5ae90748e4896964968462951a1\"><strong>Sonntag 16.02.2025<\/strong><\/p>\n\n\n\n<p>Umzug Kornwestheim<\/p>\n\n\n\n<p>Beginn 13:11 Uhr, Treffpunkt noch offen<\/p>\n\n\n\n<p class=\"has-black-color has-vivid-red-background-color has-text-color has-background has-link-color wp-elements-7cfd8582fff816796f54f271149d9dd1\"><strong>abgesagt Samstag 22.02.2025<\/strong><\/p>\n\n\n\n<p>Jubil\u00e4umsparty Schlo\u00dfgeister <\/p>\n\n\n\n<p>Turnhalle M\u00fchlhausen, Einlass: 18.30 Uhr, Beginn: 19.11 Uhr<\/p>\n\n\n\n<p class=\"has-black-color has-vivid-red-background-color has-text-color has-background has-link-color wp-elements-4ea3cd06316c8a2f69aa458783724759\"><strong>abgesagt Sonntag 23.02.2025<\/strong><\/p>\n\n\n\n<p>Fasnetsumzug Neckarweihingen<\/p>\n\n\n\n<p>Treffpunkt 10:00 Uhr Rigaerstr., Abfahrt 12:00 Uhr, Beginn 13:33 Uhr. <\/p>\n\n\n\n<p class=\"has-black-color has-vivid-red-background-color has-text-color has-background has-link-color wp-elements-2d51729422d934658e016e0715c1a154\"><strong>Freitag 28.02.2025<\/strong><\/p>\n\n\n\n<p>abgesagt Nachtumzug, jedoch Narrentreffen Stuttgart-M\u00fchlhausen Donner Hexen.<\/p>\n\n\n\n<p>Beginn 18:00 Uhr Turn- und Festhalle Stuttgat-M\u00fchlhausen <\/p>\n\n\n\n<p class=\"has-black-color has-vivid-red-background-color has-text-color has-background has-link-color wp-elements-447d679db13f927e4fba22e98118e661\"><strong>Sonntag 02.03.2025<\/strong><\/p>\n\n\n\n<p>Umzug in Murr.<\/p>\n\n\n\n<p>Treffpunkt 10:00 Uhr Rigaerstr., Abfahrt 12:00 Uhr, Beginn 14:00 Uhr.<\/p>\n\n\n\n<p class=\"has-black-color has-vivid-red-background-color has-text-color has-background has-link-color wp-elements-58a06579af741c1193ef38f456f69cca\"><strong>Dienstag 04.03.2025<\/strong><\/p>\n\n\n\n<p>Umzug in Stuttgart-Hofen Scillamaennle, jedoch ohne Fahrzeug<\/p>\n\n\n\n<p>Treffpunkt 10:00 Uhr Rigaerstr., Abfahrt 12:00., Beginn 13:00 Uhr.<\/p>\n\n\n\n<p><\/p>\n","protected":false},"excerpt":{"rendered":"<p>Termine 2025 Freitag 10.01.2025 Greadeffelewecken Scillamaennle Grundschule Stuttgart-Hofen. Beginn 19:00 Uhr, Treffpunkt 18:00 Uhr Rigaerstr. Samstag 01.02.2025 Donner-Nacht Stuttgart-M\u00fchlhausen. Beginn 19:00 Uhr, Treffpunkt 18:00 Uhr Rigaerstr. Sonntag 16.02.2025 Umzug Kornwestheim Beginn 13:11 Uhr, Treffpunkt noch offen abgesagt Samstag 22.02.2025 Jubil\u00e4umsparty Schlo\u00dfgeister Turnhalle M\u00fchlhausen, Einlass: 18.30 Uhr, Beginn: 19.11 Uhr abgesagt Sonntag 23.02.2025 Fasnetsumzug Neckarweihingen Treffpunkt &hellip; <\/p>\n<p class=\"link-more\"><a href=\"http:\/\/bosselclub-muehlhausen.de\/?page_id=32\" class=\"more-link\"><span class=\"screen-reader-text\">\u201eTermine\u201c<\/span> weiterlesen<\/a><\/p>\n","protected":false},"author":1,"featured_media":0,"parent":0,"menu_order":0,"comment_status":"closed","ping_status":"closed","template":"","meta":{"ngg_post_thumbnail":0,"footnotes":""},"class_list":["post-32","page","type-page","status-publish","hentry"],"_links":{"self":[{"href":"http:\/\/bosselclub-muehlhausen.de\/index.php?rest_route=\/wp\/v2\/pages\/32","targetHints":{"allow":["GET"]}}],"collection":[{"href":"http:\/\/bosselclub-muehlhausen.de\/index.php?rest_route=\/wp\/v2\/pages"}],"about":[{"href":"http:\/\/bosselclub-muehlhausen.de\/index.php?rest_route=\/wp\/v2\/types\/page"}],"author":[{"embeddable":true,"href":"http:\/\/bosselclub-muehlhausen.de\/index.php?rest_route=\/wp\/v2\/users\/1"}],"replies":[{"embeddable":true,"href":"http:\/\/bosselclub-muehlhausen.de\/index.php?rest_route=%2Fwp%2Fv2%2Fcomments&post=32"}],"version-history":[{"count":37,"href":"http:\/\/bosselclub-muehlhausen.de\/index.php?rest_route=\/wp\/v2\/pages\/32\/revisions"}],"predecessor-version":[{"id":246,"href":"http:\/\/bosselclub-muehlhausen.de\/index.php?rest_route=\/wp\/v2\/pages\/32\/revisions\/246"}],"wp:attachment":[{"href":"http:\/\/bosselclub-muehlhausen.de\/index.php?rest_route=%2Fwp%2Fv2%2Fmedia&parent=32"}],"curies":[{"name":"wp","href":"https:\/\/api.w.org\/{rel}","templated":true}]}}