{"id":30,"date":"2019-03-12T13:19:48","date_gmt":"2019-03-12T13:19:48","guid":{"rendered":"http:\/\/bosselclub-muehlhausen.de\/?page_id=30"},"modified":"2019-03-12T17:36:54","modified_gmt":"2019-03-12T17:36:54","slug":"so-hat-es-begonnen","status":"publish","type":"page","link":"http:\/\/bosselclub-muehlhausen.de\/?page_id=30","title":{"rendered":"So fing alles an"},"content":{"rendered":"\n<p>Historie<\/p>\n\n\n\n<p>Gegr\u00fcndet wurde der Bo\u00dfelclub 1992. Ein Arbeitskollege eines Mitglieds der aus Oldenburg kam, machte uns auf eine Sportart seiner Heimat aufmerksam, das &#8222;Bo\u00dfeln&#8220;. Er besorgte uns das Spielger\u00e4t aus dem Norden, da die Kugeln in S\u00fcddeutschland nicht zu bekommen waren. Der Club bestand bei seiner Gr\u00fcndung aus 12 Mitgliedern mit denen wir uns dann mehrere Jahre zum Vergleichskampf mit den Bo\u00dflern aus Oldenburg auf die Fahrt nach Oldenburg machten.<\/p>\n\n\n\n<div class=\"wp-block-image\"><figure class=\"aligncenter is-resized\"><img loading=\"lazy\" decoding=\"async\" src=\"http:\/\/bosselclub-muehlhausen.de\/wp-content\/uploads\/2019\/03\/DSC_0058-1-1024x685.jpg\" alt=\"\" class=\"wp-image-168\" width=\"309\" height=\"206\" srcset=\"http:\/\/bosselclub-muehlhausen.de\/wp-content\/uploads\/2019\/03\/DSC_0058-1-1024x685.jpg 1024w, http:\/\/bosselclub-muehlhausen.de\/wp-content\/uploads\/2019\/03\/DSC_0058-1-300x201.jpg 300w, http:\/\/bosselclub-muehlhausen.de\/wp-content\/uploads\/2019\/03\/DSC_0058-1-768x514.jpg 768w\" sizes=\"auto, (max-width: 309px) 100vw, 309px\" \/><\/figure><\/div>\n\n\n\n<p>Der Bo\u00dfelclub M\u00fchlhausen war der erste in S\u00fcddeutschland, der Club aus unserer Nachbargemeinde Hofen folgte. Gegen unsere Freunde aus Hofen wurde sodann ab dem Jahr 2000 j\u00e4hrlicher Vergleichskampf um die &#8222;S\u00fcddeutsche Meisterschaft&#8220; ausgetragen. Der Gewinner des Vergleichskampfes bekommt den Wanderpokal f\u00fcr ein Jahr mit nach Hause. Bis zum heutigen Tag ist der Wettkampf immer zu Gunsten der M\u00fchlh\u00e4user ausgegangen. Bo\u00dfeln ist ein Volkssport, der haupts\u00e4chlich in Nord- und Ostfriesland gespielt wird. Es existiert eine Bundesliga und auch auf internationaler Ebene werden Vergleichsk\u00e4mpfe der Nationalmannschaften ausgetragen.<\/p>\n\n\n\n<p>Vor Spielbeginn werden zwei Mannschaften, wenn m\u00f6glich mit gleicher Personenzahl ausgelost. Innerhalb der beiden Mannschaften wird eine verbindliche Reihenfolge festgelegt, nach der gebo\u00dfelt wird. Das Spielfeld ist eine Wegstrecke, deren L\u00e4nge abgesprochen wird. Sie befindet sich auf dem Gebiet &#8222;Langes Feld&#8220; zwischen Kornwestheim, Pflugfelden und Stammheim und ist ca. 5,6 km lang. F\u00fcr diese Strecke ben\u00f6tigen wir ca. 2 Stunden. Das Spielger\u00e4t ist eine ca. 1100 Gramm schwere und 10 cm Durchmesser gro\u00dfe Hartgummikugel mit einem Stallkern. Jede Mannschaft erh\u00e4lt eine Bo\u00dfelkugel. Die Spieler beider Mannschaften werfen abwechselnd in festgelegter Reihenfolge. Durch Los wird entschieden, welche Mannschaft beginnt. An der Stelle, an der die Kugel den Weg verl\u00e4sst und liegen bleibt, beginnt der n\u00e4chste Mannschaftskamerad seinen Wurf. Jeder Spieler sollte mit seinem Wurf weiter treffen als sein Gegenspieler. Die Mannschaft, die die wenigsten W\u00fcrfe f\u00fcr die Strecke ben\u00f6tigt, hat das Spiel gewonnen.<\/p>\n\n\n\n<div class=\"wp-block-image\"><figure class=\"aligncenter is-resized\"><img loading=\"lazy\" decoding=\"async\" src=\"http:\/\/bosselclub-muehlhausen.de\/wp-content\/uploads\/2019\/03\/IMG-20190216-WA0000-1024x768.jpg\" alt=\"\" class=\"wp-image-129\" width=\"281\" height=\"211\" srcset=\"http:\/\/bosselclub-muehlhausen.de\/wp-content\/uploads\/2019\/03\/IMG-20190216-WA0000-1024x768.jpg 1024w, http:\/\/bosselclub-muehlhausen.de\/wp-content\/uploads\/2019\/03\/IMG-20190216-WA0000-300x225.jpg 300w, http:\/\/bosselclub-muehlhausen.de\/wp-content\/uploads\/2019\/03\/IMG-20190216-WA0000-768x576.jpg 768w, http:\/\/bosselclub-muehlhausen.de\/wp-content\/uploads\/2019\/03\/IMG-20190216-WA0000.jpg 1599w\" sizes=\"auto, (max-width: 281px) 100vw, 281px\" \/><\/figure><\/div>\n\n\n\n<div class=\"wp-block-image\"><figure class=\"aligncenter is-resized\"><img loading=\"lazy\" decoding=\"async\" src=\"http:\/\/bosselclub-muehlhausen.de\/wp-content\/uploads\/2019\/03\/20190303_115909-1024x768.jpg\" alt=\"\" class=\"wp-image-127\" width=\"274\" height=\"206\" srcset=\"http:\/\/bosselclub-muehlhausen.de\/wp-content\/uploads\/2019\/03\/20190303_115909-1024x768.jpg 1024w, http:\/\/bosselclub-muehlhausen.de\/wp-content\/uploads\/2019\/03\/20190303_115909-300x225.jpg 300w, http:\/\/bosselclub-muehlhausen.de\/wp-content\/uploads\/2019\/03\/20190303_115909-768x576.jpg 768w\" sizes=\"auto, (max-width: 274px) 100vw, 274px\" \/><\/figure><\/div>\n\n\n\n<p>Der Bo\u00dfelclub nimmt Aktuell an folgenden Fasnetsumzug teil, Neckarweihingen, Murr, Nachtumzug Stuttgart-M\u00fchlhausen und Hofen. Die Verkleidung besteht aus dem Nachbau der Masken aus der Oper &#8222;Rheingold&#8220; und einem schwarzen Teddyb\u00e4renfell. Beim Festumzug sind wir mit unserem Traktor mit Festwagen dabei und spielen Musik. <br><\/p>\n","protected":false},"excerpt":{"rendered":"<p>Historie Gegr\u00fcndet wurde der Bo\u00dfelclub 1992. Ein Arbeitskollege eines Mitglieds der aus Oldenburg kam, machte uns auf eine Sportart seiner Heimat aufmerksam, das &#8222;Bo\u00dfeln&#8220;. Er besorgte uns das Spielger\u00e4t aus dem Norden, da die Kugeln in S\u00fcddeutschland nicht zu bekommen waren. Der Club bestand bei seiner Gr\u00fcndung aus 12 Mitgliedern mit denen wir uns dann &hellip; <\/p>\n<p class=\"link-more\"><a href=\"http:\/\/bosselclub-muehlhausen.de\/?page_id=30\" class=\"more-link\"><span class=\"screen-reader-text\">\u201eSo fing alles an\u201c<\/span> weiterlesen<\/a><\/p>\n","protected":false},"author":1,"featured_media":0,"parent":0,"menu_order":0,"comment_status":"closed","ping_status":"closed","template":"","meta":{"ngg_post_thumbnail":0,"footnotes":""},"class_list":["post-30","page","type-page","status-publish","hentry"],"_links":{"self":[{"href":"http:\/\/bosselclub-muehlhausen.de\/index.php?rest_route=\/wp\/v2\/pages\/30","targetHints":{"allow":["GET"]}}],"collection":[{"href":"http:\/\/bosselclub-muehlhausen.de\/index.php?rest_route=\/wp\/v2\/pages"}],"about":[{"href":"http:\/\/bosselclub-muehlhausen.de\/index.php?rest_route=\/wp\/v2\/types\/page"}],"author":[{"embeddable":true,"href":"http:\/\/bosselclub-muehlhausen.de\/index.php?rest_route=\/wp\/v2\/users\/1"}],"replies":[{"embeddable":true,"href":"http:\/\/bosselclub-muehlhausen.de\/index.php?rest_route=%2Fwp%2Fv2%2Fcomments&post=30"}],"version-history":[{"count":8,"href":"http:\/\/bosselclub-muehlhausen.de\/index.php?rest_route=\/wp\/v2\/pages\/30\/revisions"}],"predecessor-version":[{"id":169,"href":"http:\/\/bosselclub-muehlhausen.de\/index.php?rest_route=\/wp\/v2\/pages\/30\/revisions\/169"}],"wp:attachment":[{"href":"http:\/\/bosselclub-muehlhausen.de\/index.php?rest_route=%2Fwp%2Fv2%2Fmedia&parent=30"}],"curies":[{"name":"wp","href":"https:\/\/api.w.org\/{rel}","templated":true}]}}